{"id":12319,"date":"2025-01-01T22:07:52","date_gmt":"2025-01-01T22:07:52","guid":{"rendered":"https:\/\/saudeactual.pt\/wp\/?post_type=product&#038;p=12319"},"modified":"2025-01-01T22:09:29","modified_gmt":"2025-01-01T22:09:29","slug":"ano-2024-5-revistas-digital","status":"publish","type":"product","link":"https:\/\/saudeactual.pt\/wp\/loja\/ano-2024-5-revistas-digital\/","title":{"rendered":"Ano 2024 (5 revistas-digital)"},"content":{"rendered":"<p>Acesso online a todas as revistas do ano de 2024. Ap\u00f3s a confirma\u00e7\u00e3o do pagamento deste item poder\u00e1 aceder \u00e0s revistas atrav\u00e9s do link que receber\u00e1 no seu mail.<\/p>\n<p>&nbsp;<\/p>\n","protected":false},"excerpt":{"rendered":"<p>Acesso online a todas as revistas do ano de 2024. Ap\u00f3s a confirma\u00e7\u00e3o do pagamento deste item poder\u00e1 aceder \u00e0s revistas atrav\u00e9s do link que receber\u00e1 no seu mail. &nbsp;<\/p>\n","protected":false},"featured_media":12223,"comment_status":"closed","ping_status":"closed","template":"","meta":[],"yoast_head":"<!-- This site is optimized with the Yoast SEO plugin v14.3 - https:\/\/yoast.com\/wordpress\/plugins\/seo\/ -->\n<title>Ano 2024 (5 revistas-digital) - Saude Actual<\/title>\n<meta name=\"description\" content=\"As 5 revistas de 2024 - por apenas 5\u20ac - A Sa\u00fade Actual tem como objetivo e orienta\u00e7\u00e3o principal elaborar e esclarecer sobre terapias e complementos alimentares, assim como divulgar temas da atualidade:nutri\u00e7\u00e3o, relaxamento, plantas, educa\u00e7\u00e3o ambiental e viagens ecol\u00f3gicas.\" \/>\n<meta name=\"robots\" content=\"index, follow\" \/>\n<meta name=\"googlebot\" content=\"index, follow, max-snippet:-1, max-image-preview:large, max-video-preview:-1\" \/>\n<meta name=\"bingbot\" content=\"index, follow, max-snippet:-1, max-image-preview:large, max-video-preview:-1\" \/>\n<link rel=\"canonical\" href=\"https:\/\/saudeactual.pt\/wp\/loja\/ano-2024-5-revistas-digital\/\" \/>\n<meta property=\"og:locale\" content=\"pt_PT\" \/>\n<meta property=\"og:type\" content=\"article\" \/>\n<meta property=\"og:title\" content=\"Ano 2024 (5 revistas-digital) - Saude Actual\" \/>\n<meta property=\"og:description\" content=\"As 5 revistas de 2024 - por apenas 5\u20ac - A Sa\u00fade Actual tem como objetivo e orienta\u00e7\u00e3o principal elaborar e esclarecer sobre terapias e complementos alimentares, assim como divulgar temas da atualidade:nutri\u00e7\u00e3o, relaxamento, plantas, educa\u00e7\u00e3o ambiental e viagens ecol\u00f3gicas.\" \/>\n<meta property=\"og:url\" content=\"https:\/\/saudeactual.pt\/wp\/loja\/ano-2024-5-revistas-digital\/\" \/>\n<meta property=\"og:site_name\" content=\"Saude Actual\" \/>\n<meta property=\"article:publisher\" content=\"https:\/\/www.facebook.com\/revistasaudeactual\/\" \/>\n<meta property=\"article:modified_time\" content=\"2025-01-01T22:09:29+00:00\" \/>\n<meta property=\"og:image\" content=\"https:\/\/saudeactual.pt\/wp\/wp-content\/uploads\/2023\/11\/capa114.png\" \/>\n\t<meta property=\"og:image:width\" content=\"329\" \/>\n\t<meta property=\"og:image:height\" content=\"471\" \/>\n<meta name=\"twitter:card\" content=\"summary\" \/>\n<script type=\"application\/ld+json\" class=\"yoast-schema-graph\">{\"@context\":\"https:\/\/schema.org\",\"@graph\":[{\"@type\":\"WebSite\",\"@id\":\"https:\/\/saudeactual.pt\/wp\/#website\",\"url\":\"https:\/\/saudeactual.pt\/wp\/\",\"name\":\"Saude Actual\",\"description\":\"Revista de Sa\\u00fade Hol\\u00edstica e Estilo de Vida Saud\\u00e1vel\",\"potentialAction\":[{\"@type\":\"SearchAction\",\"target\":\"https:\/\/saudeactual.pt\/wp\/?s={search_term_string}\",\"query-input\":\"required name=search_term_string\"}],\"inLanguage\":\"pt-PT\"},{\"@type\":\"ImageObject\",\"@id\":\"https:\/\/saudeactual.pt\/wp\/loja\/ano-2024-5-revistas-digital\/#primaryimage\",\"inLanguage\":\"pt-PT\",\"url\":\"https:\/\/saudeactual.pt\/wp\/wp-content\/uploads\/2023\/11\/capa114.png\",\"width\":329,\"height\":471},{\"@type\":\"WebPage\",\"@id\":\"https:\/\/saudeactual.pt\/wp\/loja\/ano-2024-5-revistas-digital\/#webpage\",\"url\":\"https:\/\/saudeactual.pt\/wp\/loja\/ano-2024-5-revistas-digital\/\",\"name\":\"Ano 2024 (5 revistas-digital) - Saude Actual\",\"isPartOf\":{\"@id\":\"https:\/\/saudeactual.pt\/wp\/#website\"},\"primaryImageOfPage\":{\"@id\":\"https:\/\/saudeactual.pt\/wp\/loja\/ano-2024-5-revistas-digital\/#primaryimage\"},\"datePublished\":\"2025-01-01T22:07:52+00:00\",\"dateModified\":\"2025-01-01T22:09:29+00:00\",\"description\":\"As 5 revistas de 2024 - por apenas 5\\u20ac - A Sa\\u00fade Actual tem como objetivo e orienta\\u00e7\\u00e3o principal elaborar e esclarecer sobre terapias e complementos alimentares, assim como divulgar temas da atualidade:nutri\\u00e7\\u00e3o, relaxamento, plantas, educa\\u00e7\\u00e3o ambiental e viagens ecol\\u00f3gicas.\",\"inLanguage\":\"pt-PT\",\"potentialAction\":[{\"@type\":\"ReadAction\",\"target\":[\"https:\/\/saudeactual.pt\/wp\/loja\/ano-2024-5-revistas-digital\/\"]}]}]}<\/script>\n<!-- \/ Yoast SEO plugin. -->","_links":{"self":[{"href":"https:\/\/saudeactual.pt\/wp\/wp-json\/wp\/v2\/product\/12319"}],"collection":[{"href":"https:\/\/saudeactual.pt\/wp\/wp-json\/wp\/v2\/product"}],"about":[{"href":"https:\/\/saudeactual.pt\/wp\/wp-json\/wp\/v2\/types\/product"}],"replies":[{"embeddable":true,"href":"https:\/\/saudeactual.pt\/wp\/wp-json\/wp\/v2\/comments?post=12319"}],"wp:featuredmedia":[{"embeddable":true,"href":"https:\/\/saudeactual.pt\/wp\/wp-json\/wp\/v2\/media\/12223"}],"wp:attachment":[{"href":"https:\/\/saudeactual.pt\/wp\/wp-json\/wp\/v2\/media?parent=12319"}],"curies":[{"name":"wp","href":"https:\/\/api.w.org\/{rel}","templated":true}]}}