{"id":11907,"date":"2013-12-30T15:33:06","date_gmt":"2013-12-30T15:33:06","guid":{"rendered":"https:\/\/saudeactual.pt\/wp\/?post_type=product&#038;p=11907"},"modified":"2025-06-03T12:01:01","modified_gmt":"2025-06-03T12:01:01","slug":"ano-2013-5-revistas-papel","status":"publish","type":"product","link":"https:\/\/saudeactual.pt\/wp\/loja\/ano-2013-5-revistas-papel\/","title":{"rendered":"Ano 2013 (5 revistas-papel)"},"content":{"rendered":"<p>As 5 revistas de 2013 (em papel)- por apenas 8,5\u20ac \u2013 A Sa\u00fade Actual tem como objetivo e orienta\u00e7\u00e3o principal elaborar e esclarecer sobre terapias e complementos alimentares, assim como divulgar temas da atualidade:nutri\u00e7\u00e3o, relaxamento, plantas, educa\u00e7\u00e3o ambiental e viagens ecol\u00f3gicas.<\/p>\n","protected":false},"excerpt":{"rendered":"<p>&nbsp;<\/p>\n<p>&nbsp;<\/p>\n<p>&nbsp;<\/p>\n<p>&nbsp;<\/p>\n<p>&nbsp;<\/p>\n<p>&nbsp;<\/p>\n<p>&nbsp;<\/p>\n<p>&nbsp;<\/p>\n<p>&nbsp;<\/p>\n","protected":false},"featured_media":10935,"comment_status":"closed","ping_status":"closed","template":"","meta":[],"yoast_head":"<!-- This site is optimized with the Yoast SEO plugin v14.3 - https:\/\/yoast.com\/wordpress\/plugins\/seo\/ -->\n<title>Sa\u00fade Actual | Revista de Sa\u00fade Hol\u00edstica e Estilo de Vida Saud\u00e1vel - Ano 2013<\/title>\n<meta name=\"description\" content=\"Sa\u00fade Actual | Revista de Sa\u00fade Hol\u00edstica e Estilo de Vida Saud\u00e1vel | Alimenta\u00e7\u00e3o Saud\u00e1vel | Sa\u00fade - Ano 2013\" \/>\n<meta name=\"robots\" content=\"index, follow\" \/>\n<meta name=\"googlebot\" content=\"index, follow, max-snippet:-1, max-image-preview:large, max-video-preview:-1\" \/>\n<meta name=\"bingbot\" content=\"index, follow, max-snippet:-1, max-image-preview:large, max-video-preview:-1\" \/>\n<link rel=\"canonical\" href=\"https:\/\/saudeactual.pt\/wp\/loja\/ano-2013-5-revistas-papel\/\" \/>\n<meta property=\"og:locale\" content=\"pt_PT\" \/>\n<meta property=\"og:type\" content=\"article\" \/>\n<meta property=\"og:title\" content=\"Sa\u00fade Actual | Revista de Sa\u00fade Hol\u00edstica e Estilo de Vida Saud\u00e1vel - Ano 2013\" \/>\n<meta property=\"og:description\" content=\"Sa\u00fade Actual | Revista de Sa\u00fade Hol\u00edstica e Estilo de Vida Saud\u00e1vel | Alimenta\u00e7\u00e3o Saud\u00e1vel | Sa\u00fade - Ano 2013\" \/>\n<meta property=\"og:url\" content=\"https:\/\/saudeactual.pt\/wp\/loja\/ano-2013-5-revistas-papel\/\" \/>\n<meta property=\"og:site_name\" content=\"Saude Actual\" \/>\n<meta property=\"article:publisher\" content=\"https:\/\/www.facebook.com\/revistasaudeactual\/\" \/>\n<meta property=\"article:modified_time\" content=\"2025-06-03T12:01:01+00:00\" \/>\n<meta property=\"og:image\" content=\"https:\/\/saudeactual.pt\/wp\/wp-content\/uploads\/2019\/05\/2013.png\" \/>\n\t<meta property=\"og:image:width\" content=\"332\" \/>\n\t<meta property=\"og:image:height\" content=\"474\" \/>\n<meta name=\"twitter:card\" content=\"summary\" \/>\n<script type=\"application\/ld+json\" class=\"yoast-schema-graph\">{\"@context\":\"https:\/\/schema.org\",\"@graph\":[{\"@type\":\"WebSite\",\"@id\":\"https:\/\/saudeactual.pt\/wp\/#website\",\"url\":\"https:\/\/saudeactual.pt\/wp\/\",\"name\":\"Saude Actual\",\"description\":\"Revista de Sa\\u00fade Hol\\u00edstica e Estilo de Vida Saud\\u00e1vel\",\"potentialAction\":[{\"@type\":\"SearchAction\",\"target\":\"https:\/\/saudeactual.pt\/wp\/?s={search_term_string}\",\"query-input\":\"required name=search_term_string\"}],\"inLanguage\":\"pt-PT\"},{\"@type\":\"ImageObject\",\"@id\":\"https:\/\/saudeactual.pt\/wp\/loja\/ano-2013-5-revistas-papel\/#primaryimage\",\"inLanguage\":\"pt-PT\",\"url\":\"https:\/\/saudeactual.pt\/wp\/wp-content\/uploads\/2019\/05\/2013.png\",\"width\":332,\"height\":474},{\"@type\":\"WebPage\",\"@id\":\"https:\/\/saudeactual.pt\/wp\/loja\/ano-2013-5-revistas-papel\/#webpage\",\"url\":\"https:\/\/saudeactual.pt\/wp\/loja\/ano-2013-5-revistas-papel\/\",\"name\":\"Sa\\u00fade Actual | Revista de Sa\\u00fade Hol\\u00edstica e Estilo de Vida Saud\\u00e1vel - Ano 2013\",\"isPartOf\":{\"@id\":\"https:\/\/saudeactual.pt\/wp\/#website\"},\"primaryImageOfPage\":{\"@id\":\"https:\/\/saudeactual.pt\/wp\/loja\/ano-2013-5-revistas-papel\/#primaryimage\"},\"datePublished\":\"2013-12-30T15:33:06+00:00\",\"dateModified\":\"2025-06-03T12:01:01+00:00\",\"description\":\"Sa\\u00fade Actual | Revista de Sa\\u00fade Hol\\u00edstica e Estilo de Vida Saud\\u00e1vel | Alimenta\\u00e7\\u00e3o Saud\\u00e1vel | Sa\\u00fade - Ano 2013\",\"inLanguage\":\"pt-PT\",\"potentialAction\":[{\"@type\":\"ReadAction\",\"target\":[\"https:\/\/saudeactual.pt\/wp\/loja\/ano-2013-5-revistas-papel\/\"]}]}]}<\/script>\n<!-- \/ Yoast SEO plugin. -->","_links":{"self":[{"href":"https:\/\/saudeactual.pt\/wp\/wp-json\/wp\/v2\/product\/11907"}],"collection":[{"href":"https:\/\/saudeactual.pt\/wp\/wp-json\/wp\/v2\/product"}],"about":[{"href":"https:\/\/saudeactual.pt\/wp\/wp-json\/wp\/v2\/types\/product"}],"replies":[{"embeddable":true,"href":"https:\/\/saudeactual.pt\/wp\/wp-json\/wp\/v2\/comments?post=11907"}],"wp:featuredmedia":[{"embeddable":true,"href":"https:\/\/saudeactual.pt\/wp\/wp-json\/wp\/v2\/media\/10935"}],"wp:attachment":[{"href":"https:\/\/saudeactual.pt\/wp\/wp-json\/wp\/v2\/media?parent=11907"}],"curies":[{"name":"wp","href":"https:\/\/api.w.org\/{rel}","templated":true}]}}