{"id":9463,"date":"2016-05-23T11:27:04","date_gmt":"2016-05-23T11:27:04","guid":{"rendered":"https:\/\/saudeactual.pt\/?page_id=9463"},"modified":"2020-01-06T18:52:38","modified_gmt":"2020-01-06T18:52:38","slug":"ano-2015-front","status":"publish","type":"page","link":"https:\/\/saudeactual.pt\/wp\/ano-2015-front\/","title":{"rendered":"Ano 2015"},"content":{"rendered":"<p>[vc_row full_width=&#8221;stretch_row_content&#8221;][vc_column width=&#8221;1\/12&#8243;][\/vc_column][vc_column width=&#8221;1\/6&#8243;][vc_single_image image=&#8221;8865&#8243; img_size=&#8221;422&#215;600&#8243; alignment=&#8221;center&#8221; onclick=&#8221;custom_link&#8221; link=&#8221;\/ano-2015\/&#8221;][vc_custom_heading text=&#8221;Revista 62<br \/>\nJan | Fev 2015&#8243; font_container=&#8221;tag:h2|font_size:22|text_align:center&#8221; google_fonts=&#8221;font_family:Lato%3A100%2C100italic%2C300%2C300italic%2Cregular%2Citalic%2C700%2C700italic%2C900%2C900italic|font_style:400%20regular%3A400%3Anormal&#8221;][\/vc_column][vc_column width=&#8221;1\/6&#8243;][vc_single_image image=&#8221;9453&#8243; img_size=&#8221;422&#215;600&#8243; alignment=&#8221;center&#8221; onclick=&#8221;custom_link&#8221; link=&#8221;\/ano-2015\/&#8221;][vc_custom_heading text=&#8221;Revista 63<br \/>\nMar | Abr 2015&#8243; font_container=&#8221;tag:h2|font_size:22|text_align:center&#8221; google_fonts=&#8221;font_family:Lato%3A100%2C100italic%2C300%2C300italic%2Cregular%2Citalic%2C700%2C700italic%2C900%2C900italic|font_style:400%20regular%3A400%3Anormal&#8221;][\/vc_column][vc_column width=&#8221;1\/6&#8243;][vc_single_image image=&#8221;8726&#8243; img_size=&#8221;422&#215;600&#8243; alignment=&#8221;center&#8221; onclick=&#8221;custom_link&#8221; link=&#8221;\/ano-2015\/&#8221;][vc_custom_heading text=&#8221;Revista 64<br \/>\nMai | Jun 2015&#8243; font_container=&#8221;tag:h2|font_size:22|text_align:center&#8221; google_fonts=&#8221;font_family:Lato%3A100%2C100italic%2C300%2C300italic%2Cregular%2Citalic%2C700%2C700italic%2C900%2C900italic|font_style:400%20regular%3A400%3Anormal&#8221;][\/vc_column][vc_column width=&#8221;1\/6&#8243;][vc_single_image image=&#8221;8796&#8243; img_size=&#8221;422&#215;600&#8243; alignment=&#8221;center&#8221; onclick=&#8221;custom_link&#8221; link=&#8221;\/ano-2015\/&#8221;][vc_custom_heading text=&#8221;Revista 65<br \/>\nSet | Out 2015&#8243; font_container=&#8221;tag:h2|font_size:22|text_align:center&#8221; google_fonts=&#8221;font_family:Lato%3A100%2C100italic%2C300%2C300italic%2Cregular%2Citalic%2C700%2C700italic%2C900%2C900italic|font_style:400%20regular%3A400%3Anormal&#8221;][\/vc_column][vc_column width=&#8221;1\/6&#8243;][vc_single_image image=&#8221;9458&#8243; img_size=&#8221;422&#215;600&#8243; alignment=&#8221;center&#8221; onclick=&#8221;custom_link&#8221; link=&#8221;\/ano-2015\/&#8221;][vc_custom_heading text=&#8221;Revista 66<br \/>\nNov | Dez 2015&#8243; font_container=&#8221;tag:h2|font_size:22|text_align:center&#8221; google_fonts=&#8221;font_family:Lato%3A100%2C100italic%2C300%2C300italic%2Cregular%2Citalic%2C700%2C700italic%2C900%2C900italic|font_style:400%20regular%3A400%3Anormal&#8221;][\/vc_column][vc_column width=&#8221;1\/12&#8243;][\/vc_column][\/vc_row][vc_row][vc_column width=&#8221;1\/4&#8243;][\/vc_column][vc_column width=&#8221;1\/4&#8243;][\/vc_column][vc_column width=&#8221;1\/4&#8243;][\/vc_column][vc_column width=&#8221;1\/4&#8243;][\/vc_column][\/vc_row]<\/p>\n","protected":false},"excerpt":{"rendered":"<p>[vc_row full_width=&#8221;stretch_row_content&#8221;][vc_column width=&#8221;1\/12&#8243;][\/vc_column][vc_column width=&#8221;1\/6&#8243;][vc_single_image image=&#8221;8865&#8243; img_size=&#8221;422&#215;600&#8243; alignment=&#8221;center&#8221; onclick=&#8221;custom_link&#8221; link=&#8221;\/ano-2015\/&#8221;][vc_custom_heading text=&#8221;Revista 62 Jan | Fev 2015&#8243; font_container=&#8221;tag:h2|font_size:22|text_align:center&#8221; google_fonts=&#8221;font_family:Lato%3A100%2C100italic%2C300%2C300italic%2Cregular%2Citalic%2C700%2C700italic%2C900%2C900italic|font_style:400%20regular%3A400%3Anormal&#8221;][\/vc_column][vc_column width=&#8221;1\/6&#8243;][vc_single_image image=&#8221;9453&#8243; img_size=&#8221;422&#215;600&#8243; alignment=&#8221;center&#8221; onclick=&#8221;custom_link&#8221; link=&#8221;\/ano-2015\/&#8221;][vc_custom_heading text=&#8221;Revista 63 Mar | Abr 2015&#8243; font_container=&#8221;tag:h2|font_size:22|text_align:center&#8221; google_fonts=&#8221;font_family:Lato%3A100%2C100italic%2C300%2C300italic%2Cregular%2Citalic%2C700%2C700italic%2C900%2C900italic|font_style:400%20regular%3A400%3Anormal&#8221;][\/vc_column][vc_column width=&#8221;1\/6&#8243;][vc_single_image image=&#8221;8726&#8243; img_size=&#8221;422&#215;600&#8243; alignment=&#8221;center&#8221; onclick=&#8221;custom_link&#8221; link=&#8221;\/ano-2015\/&#8221;][vc_custom_heading text=&#8221;Revista 64 Mai | Jun 2015&#8243; font_container=&#8221;tag:h2|font_size:22|text_align:center&#8221; google_fonts=&#8221;font_family:Lato%3A100%2C100italic%2C300%2C300italic%2Cregular%2Citalic%2C700%2C700italic%2C900%2C900italic|font_style:400%20regular%3A400%3Anormal&#8221;][\/vc_column][vc_column width=&#8221;1\/6&#8243;][vc_single_image image=&#8221;8796&#8243; img_size=&#8221;422&#215;600&#8243; alignment=&#8221;center&#8221; onclick=&#8221;custom_link&#8221; link=&#8221;\/ano-2015\/&#8221;][vc_custom_heading text=&#8221;Revista 65 Set | [&hellip;]<\/p>\n","protected":false},"author":1,"featured_media":0,"parent":0,"menu_order":0,"comment_status":"closed","ping_status":"closed","template":"page-full-width.php","meta":[],"yoast_head":"<!-- This site is optimized with the Yoast SEO plugin v14.3 - https:\/\/yoast.com\/wordpress\/plugins\/seo\/ -->\n<title>Sa\u00fade Actual | Revista de Sa\u00fade Hol\u00edstica e Estilo de Vida Saud\u00e1vel - Ano 2010 3<\/title>\n<meta name=\"description\" content=\"Sa\u00fade Actual | Revista de Sa\u00fade Hol\u00edstica e Estilo de Vida Saud\u00e1vel | Alimenta\u00e7\u00e3o Saud\u00e1vel | Sa\u00fade - Ano 2010 3\" \/>\n<meta name=\"robots\" content=\"index, follow\" \/>\n<meta name=\"googlebot\" content=\"index, follow, max-snippet:-1, max-image-preview:large, max-video-preview:-1\" \/>\n<meta name=\"bingbot\" content=\"index, follow, max-snippet:-1, max-image-preview:large, max-video-preview:-1\" \/>\n<link rel=\"canonical\" href=\"https:\/\/saudeactual.pt\/ano-2015-front\/\" \/>\n<meta property=\"og:locale\" content=\"pt_PT\" \/>\n<meta property=\"og:type\" content=\"article\" \/>\n<meta property=\"og:title\" content=\"Sa\u00fade Actual | Revista de Sa\u00fade Hol\u00edstica e Estilo de Vida Saud\u00e1vel - Ano 2010 3\" \/>\n<meta property=\"og:description\" content=\"Sa\u00fade Actual | Revista de Sa\u00fade Hol\u00edstica e Estilo de Vida Saud\u00e1vel | Alimenta\u00e7\u00e3o Saud\u00e1vel | Sa\u00fade - Ano 2010 3\" \/>\n<meta property=\"og:url\" content=\"https:\/\/saudeactual.pt\/ano-2015-front\/\" \/>\n<meta property=\"og:site_name\" content=\"Saude Actual\" \/>\n<meta property=\"article:publisher\" content=\"https:\/\/www.facebook.com\/revistasaudeactual\/\" \/>\n<meta property=\"article:modified_time\" content=\"2020-01-06T18:52:38+00:00\" \/>\n<meta name=\"twitter:card\" content=\"summary\" \/>\n<script type=\"application\/ld+json\" class=\"yoast-schema-graph\">{\"@context\":\"https:\/\/schema.org\",\"@graph\":[{\"@type\":\"WebSite\",\"@id\":\"https:\/\/saudeactual.pt\/wp\/#website\",\"url\":\"https:\/\/saudeactual.pt\/wp\/\",\"name\":\"Saude Actual\",\"description\":\"Revista de Sa\\u00fade Hol\\u00edstica e Estilo de Vida Saud\\u00e1vel\",\"potentialAction\":[{\"@type\":\"SearchAction\",\"target\":\"https:\/\/saudeactual.pt\/wp\/?s={search_term_string}\",\"query-input\":\"required name=search_term_string\"}],\"inLanguage\":\"pt-PT\"},{\"@type\":\"WebPage\",\"@id\":\"https:\/\/saudeactual.pt\/ano-2015-front\/#webpage\",\"url\":\"https:\/\/saudeactual.pt\/ano-2015-front\/\",\"name\":\"Sa\\u00fade Actual | Revista de Sa\\u00fade Hol\\u00edstica e Estilo de Vida Saud\\u00e1vel - Ano 2010 3\",\"isPartOf\":{\"@id\":\"https:\/\/saudeactual.pt\/wp\/#website\"},\"datePublished\":\"2016-05-23T11:27:04+00:00\",\"dateModified\":\"2020-01-06T18:52:38+00:00\",\"description\":\"Sa\\u00fade Actual | Revista de Sa\\u00fade Hol\\u00edstica e Estilo de Vida Saud\\u00e1vel | Alimenta\\u00e7\\u00e3o Saud\\u00e1vel | Sa\\u00fade - Ano 2010 3\",\"inLanguage\":\"pt-PT\",\"potentialAction\":[{\"@type\":\"ReadAction\",\"target\":[\"https:\/\/saudeactual.pt\/ano-2015-front\/\"]}]}]}<\/script>\n<!-- \/ Yoast SEO plugin. -->","_links":{"self":[{"href":"https:\/\/saudeactual.pt\/wp\/wp-json\/wp\/v2\/pages\/9463"}],"collection":[{"href":"https:\/\/saudeactual.pt\/wp\/wp-json\/wp\/v2\/pages"}],"about":[{"href":"https:\/\/saudeactual.pt\/wp\/wp-json\/wp\/v2\/types\/page"}],"author":[{"embeddable":true,"href":"https:\/\/saudeactual.pt\/wp\/wp-json\/wp\/v2\/users\/1"}],"replies":[{"embeddable":true,"href":"https:\/\/saudeactual.pt\/wp\/wp-json\/wp\/v2\/comments?post=9463"}],"version-history":[{"count":3,"href":"https:\/\/saudeactual.pt\/wp\/wp-json\/wp\/v2\/pages\/9463\/revisions"}],"predecessor-version":[{"id":10799,"href":"https:\/\/saudeactual.pt\/wp\/wp-json\/wp\/v2\/pages\/9463\/revisions\/10799"}],"wp:attachment":[{"href":"https:\/\/saudeactual.pt\/wp\/wp-json\/wp\/v2\/media?parent=9463"}],"curies":[{"name":"wp","href":"https:\/\/api.w.org\/{rel}","templated":true}]}}